{"id":105,"date":"2024-08-09T21:01:31","date_gmt":"2024-08-09T21:01:31","guid":{"rendered":"https:\/\/www.dr7.si\/?page_id=105"},"modified":"2025-12-05T08:39:41","modified_gmt":"2025-12-05T08:39:41","slug":"sportni-dnevi","status":"publish","type":"page","link":"https:\/\/www.dr7.si\/?page_id=105","title":{"rendered":"\u0160portni dnevi"},"content":{"rendered":"\t\t<div data-elementor-type=\"wp-page\" data-elementor-id=\"105\" class=\"elementor elementor-105\" data-elementor-post-type=\"page\">\n\t\t\t\t<div class=\"elementor-element elementor-element-dbdf067 e-con-full e-flex e-con e-parent\" data-id=\"dbdf067\" data-element_type=\"container\" data-e-type=\"container\">\n\t\t\t\t<div class=\"elementor-element elementor-element-be852e9 elementor--h-position-center elementor--v-position-middle elementor-arrows-position-inside elementor-widget elementor-widget-slides\" data-id=\"be852e9\" data-element_type=\"widget\" data-e-type=\"widget\" data-settings=\"{&quot;navigation&quot;:&quot;arrows&quot;,&quot;transition_speed&quot;:100,&quot;autoplay&quot;:&quot;yes&quot;,&quot;pause_on_hover&quot;:&quot;yes&quot;,&quot;pause_on_interaction&quot;:&quot;yes&quot;,&quot;autoplay_speed&quot;:5000,&quot;infinite&quot;:&quot;yes&quot;,&quot;transition&quot;:&quot;slide&quot;}\" data-widget_type=\"slides.default\">\n\t\t\t\t\t\t\t\t\t\t<div class=\"elementor-slides-wrapper elementor-main-swiper swiper\" role=\"region\" aria-roledescription=\"carousel\" aria-label=\"Slides\" dir=\"ltr\" data-animation=\"zoomIn\">\n\t\t\t\t<div class=\"swiper-wrapper elementor-slides\">\n\t\t\t\t\t\t\t\t\t\t<div class=\"elementor-repeater-item-aeef048 swiper-slide\" role=\"group\" aria-roledescription=\"slide\"><div class=\"swiper-slide-bg elementor-ken-burns elementor-ken-burns--in\" role=\"img\" aria-label=\"\u0160porni dnevi\"><\/div><div class=\"swiper-slide-inner\" ><div class=\"swiper-slide-contents\"><\/div><\/div><\/div><div class=\"elementor-repeater-item-f2c1b66 swiper-slide\" role=\"group\" aria-roledescription=\"slide\"><div class=\"swiper-slide-bg\" role=\"img\" aria-label=\"Sportni-dnevi-2-e1726583019601\"><\/div><div class=\"swiper-slide-inner\" ><div class=\"swiper-slide-contents\"><\/div><\/div><\/div><div class=\"elementor-repeater-item-fee64e9 swiper-slide\" role=\"group\" aria-roledescription=\"slide\"><div class=\"swiper-slide-bg\" role=\"img\" aria-label=\"Resized_20240116_173458\"><\/div><div class=\"swiper-slide-inner\" ><div class=\"swiper-slide-contents\"><\/div><\/div><\/div>\t\t\t\t<\/div>\n\t\t\t\t\t\t\t\t\t\t\t\t\t\t\t<div class=\"elementor-swiper-button elementor-swiper-button-prev\" role=\"button\" tabindex=\"0\" aria-label=\"Previous slide\">\n\t\t\t\t\t\t\t<svg aria-hidden=\"true\" class=\"e-font-icon-svg e-eicon-chevron-left\" viewBox=\"0 0 1000 1000\" xmlns=\"http:\/\/www.w3.org\/2000\/svg\"><path d=\"M646 125C629 125 613 133 604 142L308 442C296 454 292 471 292 487 292 504 296 521 308 533L604 854C617 867 629 875 646 875 663 875 679 871 692 858 704 846 713 829 713 812 713 796 708 779 692 767L438 487 692 225C700 217 708 204 708 187 708 171 704 154 692 142 675 129 663 125 646 125Z\"><\/path><\/svg>\t\t\t\t\t\t<\/div>\n\t\t\t\t\t\t<div class=\"elementor-swiper-button elementor-swiper-button-next\" role=\"button\" tabindex=\"0\" aria-label=\"Next slide\">\n\t\t\t\t\t\t\t<svg aria-hidden=\"true\" class=\"e-font-icon-svg e-eicon-chevron-right\" viewBox=\"0 0 1000 1000\" xmlns=\"http:\/\/www.w3.org\/2000\/svg\"><path d=\"M696 533C708 521 713 504 713 487 713 471 708 454 696 446L400 146C388 133 375 125 354 125 338 125 325 129 313 142 300 154 292 171 292 187 292 204 296 221 308 233L563 492 304 771C292 783 288 800 288 817 288 833 296 850 308 863 321 871 338 875 354 875 371 875 388 867 400 854L696 533Z\"><\/path><\/svg>\t\t\t\t\t\t<\/div>\n\t\t\t\t\t\t\t\t\t\t\t\t\t\t\t\t\t<\/div>\n\t\t\t\t\t\t\t\t<\/div>\n\t\t\t\t<\/div>\n\t\t<div class=\"elementor-element elementor-element-5fd0c6a1 e-flex e-con-boxed e-con e-parent\" data-id=\"5fd0c6a1\" data-element_type=\"container\" data-e-type=\"container\">\n\t\t\t\t\t<div class=\"e-con-inner\">\n\t\t\t\t<div class=\"elementor-element elementor-element-661a971 elementor-widget elementor-widget-text-editor\" data-id=\"661a971\" data-element_type=\"widget\" data-e-type=\"widget\" data-widget_type=\"text-editor.default\">\n\t\t\t\t\t\t\t\t\t<h1><strong>\u0160portni dnevi<\/strong><\/h1><p>V dogovoru s \u0161olo ali vrtcem ORGANIZIRAMO \u0160PORTNI DAN, kjer nudimo mo\u017enost:<br \/>&#8211; smu\u010danja,<br \/>&#8211; deskanja na snegu ali<br \/>&#8211; sankanja.<\/p><p>Na va\u0161o \u017eeljo za vas in va\u0161e otroke oziroma u\u010dence:<br \/>&#8211; organiziramo prevoz na smu\u010di\u0161\u010de in nazaj,<br \/>&#8211; nudimo prostor za malico,<br \/>&#8211; za vas pa tudi pripravimo tople napitke, okrep\u010dila &#8230;<\/p><p>CENIK \u0160PORTNEGA DNEVA (na otroka):<br \/>&#8211; SANKANJE &#8230; 2\u20ac<br \/>&#8211; SMU\u010cANJE &#8230; 8\u20ac<br \/>&#8211; PREVOZ &#8230;&#8230;.. po dogovoru<\/p><p>KAPACITETA IN ZAHTEVNOST:<\/p><p>SANKANJE je omogo\u010deno za ve\u010djo skupino otrok. Nudimo razli\u010dno zahtevne proge, tako da bodo pri\u0161li na svoj ra\u010dun tako najmlaj\u0161i (vrtec) kot tisti z \u017eeljo po zahtevnej\u0161em sankali\u0161\u010du (tretja triada O\u0160).<\/p><p>SMU\u010cI\u0160\u010cE je primerno za za\u010detnike in bolj\u0161e smu\u010darje.<\/p>\t\t\t\t\t\t\t\t<\/div>\n\t\t\t\t\t<\/div>\n\t\t\t\t<\/div>\n\t\t<div class=\"elementor-element elementor-element-26469861 e-flex e-con-boxed e-con e-parent\" data-id=\"26469861\" data-element_type=\"container\" data-e-type=\"container\" data-settings=\"{&quot;background_background&quot;:&quot;classic&quot;}\">\n\t\t\t\t\t<div class=\"e-con-inner\">\n\t\t<div class=\"elementor-element elementor-element-4d5ab29b e-flex e-con-boxed e-con e-child\" data-id=\"4d5ab29b\" data-element_type=\"container\" data-e-type=\"container\">\n\t\t\t\t\t<div class=\"e-con-inner\">\n\t\t<div class=\"elementor-element elementor-element-6a0b8423 e-con-full e-flex e-con e-child\" data-id=\"6a0b8423\" data-element_type=\"container\" data-e-type=\"container\">\n\t\t\t\t<div class=\"elementor-element elementor-element-4d8ca2a8 elementor-widget elementor-widget-image\" data-id=\"4d8ca2a8\" data-element_type=\"widget\" data-e-type=\"widget\" data-widget_type=\"image.default\">\n\t\t\t\t\t\t\t\t\t\t\t\t\t\t\t<img fetchpriority=\"high\" decoding=\"async\" width=\"1024\" height=\"663\" src=\"https:\/\/www.dr7.si\/wp-content\/uploads\/2024\/09\/vizitka_dr7_2-1024x663.png\" class=\"attachment-large size-large wp-image-661\" alt=\"\" srcset=\"https:\/\/www.dr7.si\/wp-content\/uploads\/2024\/09\/vizitka_dr7_2-1024x663.png 1024w, https:\/\/www.dr7.si\/wp-content\/uploads\/2024\/09\/vizitka_dr7_2-300x194.png 300w, https:\/\/www.dr7.si\/wp-content\/uploads\/2024\/09\/vizitka_dr7_2-768x497.png 768w, https:\/\/www.dr7.si\/wp-content\/uploads\/2024\/09\/vizitka_dr7_2-e1727031903253.png 750w\" sizes=\"(max-width: 1024px) 100vw, 1024px\" \/>\t\t\t\t\t\t\t\t\t\t\t\t\t\t\t<\/div>\n\t\t\t\t<\/div>\n\t\t<div class=\"elementor-element elementor-element-6ab8d284 e-con-full e-flex e-con e-child\" data-id=\"6ab8d284\" data-element_type=\"container\" data-e-type=\"container\">\n\t\t\t\t<div class=\"elementor-element elementor-element-7b93d5a8 elementor-widget elementor-widget-heading\" data-id=\"7b93d5a8\" data-element_type=\"widget\" data-e-type=\"widget\" data-widget_type=\"heading.default\">\n\t\t\t\t\t<h4 class=\"elementor-heading-title elementor-size-default\">Lokacija smu\u010di\u0161\u010da Kotlje<\/h4>\t\t\t\t<\/div>\n\t\t\t\t<div class=\"elementor-element elementor-element-17e33475 elementor-widget elementor-widget-google_maps\" data-id=\"17e33475\" data-element_type=\"widget\" data-e-type=\"widget\" data-widget_type=\"google_maps.default\">\n\t\t\t\t\t\t\t<div class=\"elementor-custom-embed\">\n\t\t\t<iframe loading=\"lazy\"\n\t\t\t\t\tsrc=\"https:\/\/maps.google.com\/maps?q=Smu%C4%8Di%C5%A1%C4%8De%20Kotlje&#038;t=m&#038;z=14&#038;output=embed&#038;iwloc=near\"\n\t\t\t\t\ttitle=\"Smu\u010di\u0161\u010de Kotlje\"\n\t\t\t\t\taria-label=\"Smu\u010di\u0161\u010de Kotlje\"\n\t\t\t><\/iframe>\n\t\t<\/div>\n\t\t\t\t\t\t<\/div>\n\t\t\t\t<\/div>\n\t\t\t\t\t<\/div>\n\t\t\t\t<\/div>\n\t\t<div class=\"elementor-element elementor-element-131d41b1 e-flex e-con-boxed e-con e-child\" data-id=\"131d41b1\" data-element_type=\"container\" data-e-type=\"container\">\n\t\t\t\t\t<div class=\"e-con-inner\">\n\t\t\t\t<div class=\"elementor-element elementor-element-1f944bd1 elementor-widget-divider--view-line elementor-invisible elementor-widget elementor-widget-divider\" data-id=\"1f944bd1\" data-element_type=\"widget\" data-e-type=\"widget\" data-settings=\"{&quot;_animation&quot;:&quot;fadeIn&quot;}\" data-widget_type=\"divider.default\">\n\t\t\t\t\t\t\t<div class=\"elementor-divider\">\n\t\t\t<span class=\"elementor-divider-separator\">\n\t\t\t\t\t\t<\/span>\n\t\t<\/div>\n\t\t\t\t\t\t<\/div>\n\t\t\t\t\t<\/div>\n\t\t\t\t<\/div>\n\t\t\t\t\t<\/div>\n\t\t\t\t<\/div>\n\t\t\t\t<\/div>\n\t\t","protected":false},"excerpt":{"rendered":"<p>\u0160portni dnevi V dogovoru s \u0161olo ali vrtcem ORGANIZIRAMO \u0160PORTNI DAN, kjer nudimo mo\u017enost:&#8211; smu\u010danja,&#8211; deskanja na snegu ali&#8211; sankanja. Na va\u0161o \u017eeljo za vas in va\u0161e otroke oziroma u\u010dence:&#8211; organiziramo prevoz na smu\u010di\u0161\u010de in nazaj,&#8211; nudimo prostor za malico,&#8211; za vas pa tudi pripravimo tople napitke, okrep\u010dila &#8230; CENIK \u0160PORTNEGA DNEVA (na otroka):&#8211; SANKANJE&hellip;&nbsp;<\/p>\n","protected":false},"author":1,"featured_media":0,"parent":0,"menu_order":0,"comment_status":"closed","ping_status":"closed","template":"elementor_header_footer","meta":{"_acf_changed":false,"neve_meta_sidebar":"","neve_meta_container":"","neve_meta_enable_content_width":"","neve_meta_content_width":0,"neve_meta_title_alignment":"","neve_meta_author_avatar":"","neve_post_elements_order":"","neve_meta_disable_header":"","neve_meta_disable_footer":"","neve_meta_disable_title":"","footnotes":""},"class_list":["post-105","page","type-page","status-publish","hentry"],"acf":[],"_links":{"self":[{"href":"https:\/\/www.dr7.si\/index.php?rest_route=\/wp\/v2\/pages\/105","targetHints":{"allow":["GET"]}}],"collection":[{"href":"https:\/\/www.dr7.si\/index.php?rest_route=\/wp\/v2\/pages"}],"about":[{"href":"https:\/\/www.dr7.si\/index.php?rest_route=\/wp\/v2\/types\/page"}],"author":[{"embeddable":true,"href":"https:\/\/www.dr7.si\/index.php?rest_route=\/wp\/v2\/users\/1"}],"replies":[{"embeddable":true,"href":"https:\/\/www.dr7.si\/index.php?rest_route=%2Fwp%2Fv2%2Fcomments&post=105"}],"version-history":[{"count":70,"href":"https:\/\/www.dr7.si\/index.php?rest_route=\/wp\/v2\/pages\/105\/revisions"}],"predecessor-version":[{"id":2409,"href":"https:\/\/www.dr7.si\/index.php?rest_route=\/wp\/v2\/pages\/105\/revisions\/2409"}],"wp:attachment":[{"href":"https:\/\/www.dr7.si\/index.php?rest_route=%2Fwp%2Fv2%2Fmedia&parent=105"}],"curies":[{"name":"wp","href":"https:\/\/api.w.org\/{rel}","templated":true}]}}