{"id":111,"date":"2024-08-09T21:03:00","date_gmt":"2024-08-09T21:03:00","guid":{"rendered":"https:\/\/www.dr7.si\/?page_id=111"},"modified":"2025-12-05T08:47:23","modified_gmt":"2025-12-05T08:47:23","slug":"izobrazevanje-kadrov","status":"publish","type":"page","link":"https:\/\/www.dr7.si\/?page_id=111","title":{"rendered":"Izobra\u017eevanje kadrov"},"content":{"rendered":"\t\t<div data-elementor-type=\"wp-page\" data-elementor-id=\"111\" class=\"elementor elementor-111\" data-elementor-post-type=\"page\">\n\t\t\t\t<div class=\"elementor-element elementor-element-4b12602 e-con-full e-flex e-con e-parent\" data-id=\"4b12602\" data-element_type=\"container\" data-e-type=\"container\">\n\t\t\t\t<div class=\"elementor-element elementor-element-ab57310 elementor--h-position-center elementor--v-position-middle elementor-arrows-position-inside elementor-widget elementor-widget-slides\" data-id=\"ab57310\" data-element_type=\"widget\" data-e-type=\"widget\" data-settings=\"{&quot;navigation&quot;:&quot;arrows&quot;,&quot;transition&quot;:&quot;fade&quot;,&quot;autoplay&quot;:&quot;yes&quot;,&quot;pause_on_hover&quot;:&quot;yes&quot;,&quot;pause_on_interaction&quot;:&quot;yes&quot;,&quot;autoplay_speed&quot;:5000,&quot;infinite&quot;:&quot;yes&quot;,&quot;transition_speed&quot;:500}\" data-widget_type=\"slides.default\">\n\t\t\t\t\t\t\t\t\t\t<div class=\"elementor-slides-wrapper elementor-main-swiper swiper\" role=\"region\" aria-roledescription=\"carousel\" aria-label=\"Slides\" dir=\"ltr\" data-animation=\"\">\n\t\t\t\t<div class=\"swiper-wrapper elementor-slides\">\n\t\t\t\t\t\t\t\t\t\t<div class=\"elementor-repeater-item-ff58267 swiper-slide\" role=\"group\" aria-roledescription=\"slide\"><div class=\"swiper-slide-bg\" role=\"img\" aria-label=\"IMG_6511\"><\/div><div class=\"swiper-slide-inner\" ><div class=\"swiper-slide-contents\"><\/div><\/div><\/div><div class=\"elementor-repeater-item-a40a739 swiper-slide\" role=\"group\" aria-roledescription=\"slide\"><div class=\"swiper-slide-bg elementor-ken-burns elementor-ken-burns--out\" role=\"img\" aria-label=\"43C8C30A-6A1C-4D19-A9C9-DF976EB2E159\"><\/div><div class=\"swiper-slide-inner\" ><div class=\"swiper-slide-contents\"><\/div><\/div><\/div><div class=\"elementor-repeater-item-c7d52b8 swiper-slide\" role=\"group\" aria-roledescription=\"slide\"><div class=\"swiper-slide-bg elementor-ken-burns elementor-ken-burns--in\" role=\"img\" aria-label=\"IMG_8560-scaled\"><\/div><div class=\"swiper-slide-inner\" ><div class=\"swiper-slide-contents\"><\/div><\/div><\/div><div class=\"elementor-repeater-item-f8a334e swiper-slide\" role=\"group\" aria-roledescription=\"slide\"><div class=\"swiper-slide-bg\" role=\"img\" aria-label=\"IMG_8480\"><\/div><div class=\"swiper-slide-inner\" ><div class=\"swiper-slide-contents\"><\/div><\/div><\/div><div class=\"elementor-repeater-item-497dd81 swiper-slide\" role=\"group\" aria-roledescription=\"slide\"><div class=\"swiper-slide-bg\" role=\"img\" aria-label=\"420191279_868209561979280_5843228123220820994_n\"><\/div><div class=\"swiper-slide-inner\" ><div class=\"swiper-slide-contents\"><\/div><\/div><\/div>\t\t\t\t<\/div>\n\t\t\t\t\t\t\t\t\t\t\t\t\t\t\t<div class=\"elementor-swiper-button elementor-swiper-button-prev\" role=\"button\" tabindex=\"0\" aria-label=\"Previous slide\">\n\t\t\t\t\t\t\t<svg aria-hidden=\"true\" class=\"e-font-icon-svg e-eicon-chevron-left\" viewBox=\"0 0 1000 1000\" xmlns=\"http:\/\/www.w3.org\/2000\/svg\"><path d=\"M646 125C629 125 613 133 604 142L308 442C296 454 292 471 292 487 292 504 296 521 308 533L604 854C617 867 629 875 646 875 663 875 679 871 692 858 704 846 713 829 713 812 713 796 708 779 692 767L438 487 692 225C700 217 708 204 708 187 708 171 704 154 692 142 675 129 663 125 646 125Z\"><\/path><\/svg>\t\t\t\t\t\t<\/div>\n\t\t\t\t\t\t<div class=\"elementor-swiper-button elementor-swiper-button-next\" role=\"button\" tabindex=\"0\" aria-label=\"Next slide\">\n\t\t\t\t\t\t\t<svg aria-hidden=\"true\" class=\"e-font-icon-svg e-eicon-chevron-right\" viewBox=\"0 0 1000 1000\" xmlns=\"http:\/\/www.w3.org\/2000\/svg\"><path d=\"M696 533C708 521 713 504 713 487 713 471 708 454 696 446L400 146C388 133 375 125 354 125 338 125 325 129 313 142 300 154 292 171 292 187 292 204 296 221 308 233L563 492 304 771C292 783 288 800 288 817 288 833 296 850 308 863 321 871 338 875 354 875 371 875 388 867 400 854L696 533Z\"><\/path><\/svg>\t\t\t\t\t\t<\/div>\n\t\t\t\t\t\t\t\t\t\t\t\t\t\t\t\t\t<\/div>\n\t\t\t\t\t\t\t\t<\/div>\n\t\t\t\t<\/div>\n\t\t<div class=\"elementor-element elementor-element-791759c5 e-flex e-con-boxed e-con e-parent\" data-id=\"791759c5\" data-element_type=\"container\" data-e-type=\"container\">\n\t\t\t\t\t<div class=\"e-con-inner\">\n\t\t\t\t<div class=\"elementor-element elementor-element-59e96af elementor-widget elementor-widget-text-editor\" data-id=\"59e96af\" data-element_type=\"widget\" data-e-type=\"widget\" data-widget_type=\"text-editor.default\">\n\t\t\t\t\t\t\t\t\t<h1><strong>Izobra\u017eevanje kadrov<\/strong><\/h1><p>Izvajamo kadrovske te\u010daje za u\u010ditelja alpskega smu\u010danja v sodelovanju z ZUTS Slovenije.<\/p><p>Usposabljanje za strokovni naziv STROKOVNI DELAVEC 1 &#8211; ALPSKO SMU\u010cANJE &#8211; \u0160PORTNO TRENIRANJE (po starem U2).<br \/><br \/>Posredujem nekaj osnovnih informacij:<br \/><br \/>Zbor kandidatov: <br \/><strong>PRVI DEL<\/strong> = SREDA, 28. 1. 2026, ob 8.20 na smu\u010di\u0161\u010du KOTLJE; naslov Podgora 22\/c; 2394 Kotlje <br \/>Osnovni napotki in del teorije brez smu\u010darske opreme in ob 9.00 delo na snegu v smu\u010darski opremi do 15.00, ter video analiza vse do NEDELJE, 1. 2. 2026. <br \/><br \/><strong>DRUGI DEL<\/strong> = \u010cETRTEK, 5. 2. 2026, do NEDELJE, 8. 2. 2026 + 13. 3. 2026 delo pred izpitom na Rogli<br \/><br \/>Na povezavi v nadaljevanju so vse potrebne informacije shemi izobra\u017eevanja za SD1: <a href=\"http:\/\/sloski.si\/zuts-usposabljanje-in-licenciranje-sheme\/\" target=\"_blank\" rel=\"noopener\">http:\/\/sloski.si\/zuts-usposabljanje-in-licenciranje-sheme\/\u00a0<\/a><\/p><p><strong>POMEMBNO:<\/strong><\/p><ul><li>LETNIKI 2008 IN STAREJ\u0160I LAHKO OPRAVLJAJO TE\u010cAJ V CELOTI<\/li><li>LETNIKI 2009 LAHKO OPRAVLJAJO SAMO 1. DEL TE\u010cAJA (cca. 50% cene)<\/li><\/ul><p>Cena se predvideva med 870 in 920 eur\/na osebo z literaturo, te\u010dajnino\u2026 vendar brez vklju\u010dene smu\u010darske vozovnice.<br \/><br \/>Lokacija smu\u010di\u0161\u010da se bo v primeru slabih sne\u017enih razmer prilagodila. Opcija je Kope ali Peca.<br \/><br \/>Prosim, da mi najkasneje do TORKA, 23. 12. 2025, s povratnim mailom potrdite va\u0161o udele\u017ebo na te\u010daju.<br \/><br \/>Za vse dodatne informacije sem z veseljem na voljo, Dejan Rodo\u0161ek 041 711 106.<\/p><p><strong><span style=\"text-align: var(--text-align); background-color: var(--nv-site-bg); color: var(--nv-text-color); font-family: var(--bodyfontfamily),var(--nv-fallback-ff); font-size: var(--bodyfontsize); letter-spacing: var(--bodyletterspacing); text-transform: var(--bodytexttransform);\">Dodatne informacije: 041 711 106 &#8211; Dejan Rodo\u0161ek<\/span><\/strong><\/p>\t\t\t\t\t\t\t\t<\/div>\n\t\t\t\t\t<\/div>\n\t\t\t\t<\/div>\n\t\t<div class=\"elementor-element elementor-element-4a0a6505 e-flex e-con-boxed e-con e-parent\" data-id=\"4a0a6505\" data-element_type=\"container\" data-e-type=\"container\" data-settings=\"{&quot;background_background&quot;:&quot;classic&quot;}\">\n\t\t\t\t\t<div class=\"e-con-inner\">\n\t\t<div class=\"elementor-element elementor-element-31c7ad6c e-flex e-con-boxed e-con e-child\" data-id=\"31c7ad6c\" data-element_type=\"container\" data-e-type=\"container\">\n\t\t\t\t\t<div class=\"e-con-inner\">\n\t\t<div class=\"elementor-element elementor-element-19b5a564 e-con-full e-flex e-con e-child\" data-id=\"19b5a564\" data-element_type=\"container\" data-e-type=\"container\">\n\t\t\t\t<div class=\"elementor-element elementor-element-4f2aab4 elementor-widget elementor-widget-image\" data-id=\"4f2aab4\" data-element_type=\"widget\" data-e-type=\"widget\" data-widget_type=\"image.default\">\n\t\t\t\t\t\t\t\t\t\t\t\t\t\t\t<img fetchpriority=\"high\" decoding=\"async\" width=\"1024\" height=\"663\" src=\"https:\/\/www.dr7.si\/wp-content\/uploads\/2024\/09\/vizitka_dr7_2-1024x663.png\" class=\"attachment-large size-large wp-image-661\" alt=\"\" srcset=\"https:\/\/www.dr7.si\/wp-content\/uploads\/2024\/09\/vizitka_dr7_2-1024x663.png 1024w, https:\/\/www.dr7.si\/wp-content\/uploads\/2024\/09\/vizitka_dr7_2-300x194.png 300w, https:\/\/www.dr7.si\/wp-content\/uploads\/2024\/09\/vizitka_dr7_2-768x497.png 768w, https:\/\/www.dr7.si\/wp-content\/uploads\/2024\/09\/vizitka_dr7_2-e1727031903253.png 750w\" sizes=\"(max-width: 1024px) 100vw, 1024px\" \/>\t\t\t\t\t\t\t\t\t\t\t\t\t\t\t<\/div>\n\t\t\t\t<\/div>\n\t\t<div class=\"elementor-element elementor-element-208def37 e-con-full e-flex e-con e-child\" data-id=\"208def37\" data-element_type=\"container\" data-e-type=\"container\">\n\t\t\t\t<div class=\"elementor-element elementor-element-1976541c elementor-widget elementor-widget-heading\" data-id=\"1976541c\" data-element_type=\"widget\" data-e-type=\"widget\" data-widget_type=\"heading.default\">\n\t\t\t\t\t<h4 class=\"elementor-heading-title elementor-size-default\">Lokacija smu\u010di\u0161\u010da Kotlje<\/h4>\t\t\t\t<\/div>\n\t\t\t\t<div class=\"elementor-element elementor-element-2f072d58 elementor-widget elementor-widget-google_maps\" data-id=\"2f072d58\" data-element_type=\"widget\" data-e-type=\"widget\" data-widget_type=\"google_maps.default\">\n\t\t\t\t\t\t\t<div class=\"elementor-custom-embed\">\n\t\t\t<iframe loading=\"lazy\"\n\t\t\t\t\tsrc=\"https:\/\/maps.google.com\/maps?q=Smu%C4%8Di%C5%A1%C4%8De%20Kotlje&#038;t=m&#038;z=14&#038;output=embed&#038;iwloc=near\"\n\t\t\t\t\ttitle=\"Smu\u010di\u0161\u010de Kotlje\"\n\t\t\t\t\taria-label=\"Smu\u010di\u0161\u010de Kotlje\"\n\t\t\t><\/iframe>\n\t\t<\/div>\n\t\t\t\t\t\t<\/div>\n\t\t\t\t<\/div>\n\t\t\t\t\t<\/div>\n\t\t\t\t<\/div>\n\t\t<div class=\"elementor-element elementor-element-10e48eca e-flex e-con-boxed e-con e-child\" data-id=\"10e48eca\" data-element_type=\"container\" data-e-type=\"container\">\n\t\t\t\t\t<div class=\"e-con-inner\">\n\t\t\t\t<div class=\"elementor-element elementor-element-20b8a389 elementor-widget-divider--view-line elementor-invisible elementor-widget elementor-widget-divider\" data-id=\"20b8a389\" data-element_type=\"widget\" data-e-type=\"widget\" data-settings=\"{&quot;_animation&quot;:&quot;fadeIn&quot;}\" data-widget_type=\"divider.default\">\n\t\t\t\t\t\t\t<div class=\"elementor-divider\">\n\t\t\t<span class=\"elementor-divider-separator\">\n\t\t\t\t\t\t<\/span>\n\t\t<\/div>\n\t\t\t\t\t\t<\/div>\n\t\t\t\t\t<\/div>\n\t\t\t\t<\/div>\n\t\t\t\t\t<\/div>\n\t\t\t\t<\/div>\n\t\t\t\t<\/div>\n\t\t","protected":false},"excerpt":{"rendered":"<p>Izobra\u017eevanje kadrov Izvajamo kadrovske te\u010daje za u\u010ditelja alpskega smu\u010danja v sodelovanju z ZUTS Slovenije. Usposabljanje za strokovni naziv STROKOVNI DELAVEC 1 &#8211; ALPSKO SMU\u010cANJE &#8211; \u0160PORTNO TRENIRANJE (po starem U2). Posredujem nekaj osnovnih informacij: Zbor kandidatov: PRVI DEL = SREDA, 28. 1. 2026, ob 8.20 na smu\u010di\u0161\u010du KOTLJE; naslov Podgora 22\/c; 2394 Kotlje Osnovni napotki&hellip;&nbsp;<\/p>\n","protected":false},"author":1,"featured_media":0,"parent":0,"menu_order":0,"comment_status":"closed","ping_status":"closed","template":"elementor_header_footer","meta":{"_acf_changed":false,"neve_meta_sidebar":"","neve_meta_container":"","neve_meta_enable_content_width":"","neve_meta_content_width":0,"neve_meta_title_alignment":"","neve_meta_author_avatar":"","neve_post_elements_order":"","neve_meta_disable_header":"","neve_meta_disable_footer":"","neve_meta_disable_title":"","footnotes":""},"class_list":["post-111","page","type-page","status-publish","hentry"],"acf":[],"_links":{"self":[{"href":"https:\/\/www.dr7.si\/index.php?rest_route=\/wp\/v2\/pages\/111","targetHints":{"allow":["GET"]}}],"collection":[{"href":"https:\/\/www.dr7.si\/index.php?rest_route=\/wp\/v2\/pages"}],"about":[{"href":"https:\/\/www.dr7.si\/index.php?rest_route=\/wp\/v2\/types\/page"}],"author":[{"embeddable":true,"href":"https:\/\/www.dr7.si\/index.php?rest_route=\/wp\/v2\/users\/1"}],"replies":[{"embeddable":true,"href":"https:\/\/www.dr7.si\/index.php?rest_route=%2Fwp%2Fv2%2Fcomments&post=111"}],"version-history":[{"count":106,"href":"https:\/\/www.dr7.si\/index.php?rest_route=\/wp\/v2\/pages\/111\/revisions"}],"predecessor-version":[{"id":2413,"href":"https:\/\/www.dr7.si\/index.php?rest_route=\/wp\/v2\/pages\/111\/revisions\/2413"}],"wp:attachment":[{"href":"https:\/\/www.dr7.si\/index.php?rest_route=%2Fwp%2Fv2%2Fmedia&parent=111"}],"curies":[{"name":"wp","href":"https:\/\/api.w.org\/{rel}","templated":true}]}}